{"id":2934,"date":"2024-09-16T13:40:34","date_gmt":"2024-09-16T06:40:34","guid":{"rendered":"https:\/\/khoaddtvt.ctuet.edu.vn\/?page_id=2934"},"modified":"2024-09-16T13:40:34","modified_gmt":"2024-09-16T06:40:34","slug":"cong-doan","status":"publish","type":"page","link":"https:\/\/khoaddt.ctuet.edu.vn\/index.php\/cong-doan\/","title":{"rendered":"C\u00f4ng \u0111o\u00e0n"},"content":{"rendered":"","protected":false},"excerpt":{"rendered":"","protected":false},"author":5,"featured_media":0,"parent":0,"menu_order":0,"comment_status":"closed","ping_status":"closed","template":"","meta":[],"_links":{"self":[{"href":"https:\/\/khoaddt.ctuet.edu.vn\/index.php\/wp-json\/wp\/v2\/pages\/2934"}],"collection":[{"href":"https:\/\/khoaddt.ctuet.edu.vn\/index.php\/wp-json\/wp\/v2\/pages"}],"about":[{"href":"https:\/\/khoaddt.ctuet.edu.vn\/index.php\/wp-json\/wp\/v2\/types\/page"}],"author":[{"embeddable":true,"href":"https:\/\/khoaddt.ctuet.edu.vn\/index.php\/wp-json\/wp\/v2\/users\/5"}],"replies":[{"embeddable":true,"href":"https:\/\/khoaddt.ctuet.edu.vn\/index.php\/wp-json\/wp\/v2\/comments?post=2934"}],"version-history":[{"count":1,"href":"https:\/\/khoaddt.ctuet.edu.vn\/index.php\/wp-json\/wp\/v2\/pages\/2934\/revisions"}],"predecessor-version":[{"id":2936,"href":"https:\/\/khoaddt.ctuet.edu.vn\/index.php\/wp-json\/wp\/v2\/pages\/2934\/revisions\/2936"}],"wp:attachment":[{"href":"https:\/\/khoaddt.ctuet.edu.vn\/index.php\/wp-json\/wp\/v2\/media?parent=2934"}],"curies":[{"name":"wp","href":"https:\/\/api.w.org\/{rel}","templated":true}]}}